{"id":2065,"date":"2023-07-09T12:23:05","date_gmt":"2023-07-09T12:23:05","guid":{"rendered":"https:\/\/fastways-ug.com\/?page_id=2065"},"modified":"2023-07-15T17:24:10","modified_gmt":"2023-07-15T17:24:10","slug":"customs-services","status":"publish","type":"page","link":"https:\/\/fastways-ug.com\/de\/customs-services\/","title":{"rendered":"Zolldienste"},"content":{"rendered":"<div data-elementor-type=\"wp-page\" data-elementor-id=\"2065\" class=\"elementor elementor-2065\">\n\t\t\t\t\t\t<section class=\"elementor-section elementor-top-section elementor-element elementor-element-2171456 elementor-section-boxed elementor-section-height-default elementor-section-height-default\" data-id=\"2171456\" data-element_type=\"section\">\n\t\t\t\t\t\t<div class=\"elementor-container elementor-column-gap-default\">\n\t\t\t\t\t<div class=\"elementor-column elementor-col-100 elementor-top-column elementor-element elementor-element-c7fa58c\" data-id=\"c7fa58c\" data-element_type=\"column\">\n\t\t\t<div class=\"elementor-widget-wrap elementor-element-populated\">\n\t\t\t\t\t\t<div class=\"elementor-element elementor-element-9e42764 elementor-widget elementor-widget-heading\" data-id=\"9e42764\" data-element_type=\"widget\" data-widget_type=\"heading.default\">\n\t\t\t\t<div class=\"elementor-widget-container\">\n\t\t\t<style>\/*! elementor - v3.21.0 - 26-05-2024 *\/\n.elementor-heading-title{padding:0;margin:0;line-height:1}.elementor-widget-heading .elementor-heading-title[class*=elementor-size-]>a{color:inherit;font-size:inherit;line-height:inherit}.elementor-widget-heading .elementor-heading-title.elementor-size-small{font-size:15px}.elementor-widget-heading .elementor-heading-title.elementor-size-medium{font-size:19px}.elementor-widget-heading .elementor-heading-title.elementor-size-large{font-size:29px}.elementor-widget-heading .elementor-heading-title.elementor-size-xl{font-size:39px}.elementor-widget-heading .elementor-heading-title.elementor-size-xxl{font-size:59px}<\/style><h2 class=\"elementor-heading-title elementor-size-default\">Zolldienste\n<\/h2>\t\t<\/div>\n\t\t\t\t<\/div>\n\t\t\t\t\t<\/div>\n\t\t<\/div>\n\t\t\t\t\t<\/div>\n\t\t<\/section>\n\t\t\t\t<section class=\"elementor-section elementor-top-section elementor-element elementor-element-781c056 elementor-section-boxed elementor-section-height-default elementor-section-height-default\" data-id=\"781c056\" data-element_type=\"section\">\n\t\t\t\t\t\t<div class=\"elementor-container elementor-column-gap-default\">\n\t\t\t\t\t<div class=\"elementor-column elementor-col-50 elementor-top-column elementor-element elementor-element-e95e361\" data-id=\"e95e361\" data-element_type=\"column\">\n\t\t\t<div class=\"elementor-widget-wrap elementor-element-populated\">\n\t\t\t\t\t\t<div class=\"elementor-element elementor-element-5faf8d8 elementor-widget elementor-widget-text-editor\" data-id=\"5faf8d8\" data-element_type=\"widget\" data-widget_type=\"text-editor.default\">\n\t\t\t\t<div class=\"elementor-widget-container\">\n\t\t\t<style>\/*! elementor - v3.21.0 - 26-05-2024 *\/\n.elementor-widget-text-editor.elementor-drop-cap-view-stacked .elementor-drop-cap{background-color:#69727d;color:#fff}.elementor-widget-text-editor.elementor-drop-cap-view-framed .elementor-drop-cap{color:#69727d;border:3px solid;background-color:transparent}.elementor-widget-text-editor:not(.elementor-drop-cap-view-default) .elementor-drop-cap{margin-top:8px}.elementor-widget-text-editor:not(.elementor-drop-cap-view-default) .elementor-drop-cap-letter{width:1em;height:1em}.elementor-widget-text-editor .elementor-drop-cap{float:left;text-align:center;line-height:1;font-size:50px}.elementor-widget-text-editor .elementor-drop-cap-letter{display:inline-block}<\/style>\t\t\t\t<p>Mit den Fastways Customs Services vereinfachen wir Ihre Exporte und Importe \u00fcberall auf der Welt. Wir arbeiten mit einem globalen Netzwerk von Zollexperten zusammen, die dazu beitragen, dass Ihre Waren rund um die Uhr in Bewegung bleiben.<\/p><p>Um sicherzustellen, dass die Sendung alle Voraussetzungen erf\u00fcllt, unterst\u00fctzt Sie unser Expertenteam mit einem umfassenden Wissen \u00fcber Grenzkontrollen, Zollabfertigungen und Zertifizierungen.<\/p><p><br \/>Dar\u00fcber hinaus haben Sie die M\u00f6glichkeit, den Zoll zum Zeitpunkt der Buchung Ihrer Seefracht oder auch nachtr\u00e4glich hinzuzuf\u00fcgen.<\/p>\t\t\t\t\t\t<\/div>\n\t\t\t\t<\/div>\n\t\t\t\t\t<\/div>\n\t\t<\/div>\n\t\t\t\t<div class=\"elementor-column elementor-col-50 elementor-top-column elementor-element elementor-element-d443979\" data-id=\"d443979\" data-element_type=\"column\">\n\t\t\t<div class=\"elementor-widget-wrap elementor-element-populated\">\n\t\t\t\t\t\t<div class=\"elementor-element elementor-element-68c3f72 elementor-widget elementor-widget-image\" data-id=\"68c3f72\" data-element_type=\"widget\" data-widget_type=\"image.default\">\n\t\t\t\t<div class=\"elementor-widget-container\">\n\t\t\t<style>\/*! elementor - v3.21.0 - 26-05-2024 *\/\n.elementor-widget-image{text-align:center}.elementor-widget-image a{display:inline-block}.elementor-widget-image a img[src$=\".svg\"]{width:48px}.elementor-widget-image img{vertical-align:middle;display:inline-block}<\/style>\t\t\t\t\t\t\t\t\t\t<img fetchpriority=\"high\" decoding=\"async\" width=\"1024\" height=\"683\" src=\"https:\/\/fastways-ug.com\/wp-content\/uploads\/2021\/11\/axel-ahoi-hjEesK4KSDs-unsplash-scaled-1-1024x683.jpg\" class=\"attachment-large size-large wp-image-1717\" alt=\"\" srcset=\"https:\/\/fastways-ug.com\/wp-content\/uploads\/2021\/11\/axel-ahoi-hjEesK4KSDs-unsplash-scaled-1-1024x683.jpg 1024w, https:\/\/fastways-ug.com\/wp-content\/uploads\/2021\/11\/axel-ahoi-hjEesK4KSDs-unsplash-scaled-1-300x200.jpg 300w, https:\/\/fastways-ug.com\/wp-content\/uploads\/2021\/11\/axel-ahoi-hjEesK4KSDs-unsplash-scaled-1-768x512.jpg 768w, https:\/\/fastways-ug.com\/wp-content\/uploads\/2021\/11\/axel-ahoi-hjEesK4KSDs-unsplash-scaled-1-1536x1025.jpg 1536w, https:\/\/fastways-ug.com\/wp-content\/uploads\/2021\/11\/axel-ahoi-hjEesK4KSDs-unsplash-scaled-1-2048x1366.jpg 2048w\" sizes=\"(max-width: 1024px) 100vw, 1024px\" \/>\t\t\t\t\t\t\t\t\t\t\t\t\t<\/div>\n\t\t\t\t<\/div>\n\t\t\t\t\t<\/div>\n\t\t<\/div>\n\t\t\t\t\t<\/div>\n\t\t<\/section>\n\t\t\t\t<\/div>","protected":false},"excerpt":{"rendered":"<p>Customs Services With Fastways Customs services, we simplify your exports and imports anywhere in the world. We are working in collaboration with a global network of customs experts who help to keep your goods moving round the clock. To ensure the shipment meets all the prerequisites, our team of experts help you with an in [&hellip;]<\/p>","protected":false},"author":3,"featured_media":0,"parent":0,"menu_order":0,"comment_status":"closed","ping_status":"closed","template":"elementor_header_footer","meta":[],"_links":{"self":[{"href":"https:\/\/fastways-ug.com\/de\/wp-json\/wp\/v2\/pages\/2065"}],"collection":[{"href":"https:\/\/fastways-ug.com\/de\/wp-json\/wp\/v2\/pages"}],"about":[{"href":"https:\/\/fastways-ug.com\/de\/wp-json\/wp\/v2\/types\/page"}],"author":[{"embeddable":true,"href":"https:\/\/fastways-ug.com\/de\/wp-json\/wp\/v2\/users\/3"}],"replies":[{"embeddable":true,"href":"https:\/\/fastways-ug.com\/de\/wp-json\/wp\/v2\/comments?post=2065"}],"version-history":[{"count":4,"href":"https:\/\/fastways-ug.com\/de\/wp-json\/wp\/v2\/pages\/2065\/revisions"}],"predecessor-version":[{"id":2283,"href":"https:\/\/fastways-ug.com\/de\/wp-json\/wp\/v2\/pages\/2065\/revisions\/2283"}],"wp:attachment":[{"href":"https:\/\/fastways-ug.com\/de\/wp-json\/wp\/v2\/media?parent=2065"}],"curies":[{"name":"wp","href":"https:\/\/api.w.org\/{rel}","templated":true}]}}